{"id":6322,"date":"2014-11-24T12:59:54","date_gmt":"2014-11-24T12:59:54","guid":{"rendered":"https:\/\/mindful.sodexo.com\/fr\/privacy"},"modified":"2019-03-19T16:51:33","modified_gmt":"2019-03-19T16:51:33","slug":"privacy","status":"publish","type":"page","link":"https:\/\/www.mindful.sodexo.com\/fr\/privacy\/","title":{"rendered":"Privacy"},"content":{"rendered":"<p>Nous savons qu\u2019il est important de prot\u00e9ger votre confidentialit\u00e9. Sodexo applique les politiques et pratiques d\u00e9crites dans le pr\u00e9sent \u00e9nonc\u00e9 de confidentialit\u00e9 pour ce qui est du traitement, de l\u2019utilisation et de la protection des renseignements qui nous sont fournis par les visiteurs du pr\u00e9sent site Web (le \u00ab site \u00bb). Nous vous encourageons \u00e0 lire l\u2019\u00e9nonc\u00e9 afin que vous compreniez bien les pratiques de Sodexo en mati\u00e8re de confidentialit\u00e9 entourant le site. Sachez que lorsque vous utilisez le site ou que vous faites affaire avec Sodexo par l\u2019entremise du site, vous acceptez le contenu de l\u2019\u00e9nonc\u00e9 de confidentialit\u00e9.<\/p>\n<p><b>TRADEMARKS AND COPYRIGHT<\/b> <br \/>This web site and its content are owned by Sodexo or its affiliates or agents and are protected by United States copyright laws and international treaty provisions. All content, trademarks, services marks, trade names, logos, and icons are proprietary to Sodexo or its affiliates or agents. Nothing contained on this web site should be construed as granting, by implication, estoppel, or otherwise, any license or right to use any trademark displayed on this web site without the written permission of Sodexo or such third party that may own the trademarks displayed on this web site. Your use of the trademarks displayed on this web site, or any other content on this web site, except as provided herein, is strictly prohibited. Sodexo respects the intellectual property rights of others and we ask that you do the same. Please see our <a href=\"http:\/\/www.sodexousa.com\/usen\/copyrightpolicy.asp\" target=\"_blank\">Copyright Policy.<\/a><\/p>\n<p><b>RENSEIGNEMENTS PERSONNELS<\/b> <br \/>\nPar renseignement personnel, on entend tout renseignement qui permet de vous identifier ou de communiquer directement avec vous. Nous recueillons ces renseignements lorsque vous nous les fournissez pour passer une commande, que vous nous envoyez un courriel ou que vous communiquez avec nous d\u2019une autre fa\u00e7on par l\u2019interm\u00e9diaire du site.<\/p>\n<p>Ces renseignements peuvent comprendre ce qui suit :<br \/>\n\u2022 Nom<br \/>\n\u2022 Adresse de facturation associ\u00e9e \u00e0 votre carte de cr\u00e9dit<br \/>\n\u2022 Adresse \u00e9lectronique<br \/>\n\u2022 Num\u00e9ro de t\u00e9l\u00e9phone<br \/>\n\u2022 Num\u00e9ro de carte de cr\u00e9dit<br \/>\n\u2022 Num\u00e9ro de centre de co\u00fbt<br \/>\n\u2022 Information sur votre commande<br \/>\n\u2022 Autres renseignements personnels ou information sur les pr\u00e9f\u00e9rences que vous fournissez<br \/>\n\u2022 Renseignements que vous fournissez sur d\u2019autres personnes, comme le nom et l\u2019adresse du destinataire de la commande<\/p>\n<p><b>UTILISATION DES RENSEIGNEMENTS PERSONNELS<\/b><br \/>\nNous nous servons des renseignements personnels, d\u00e9crits ci dessus, pour exploiter, administrer et am\u00e9liorer le site; effectuer les transactions ou fournir les services que vous avez demand\u00e9s; am\u00e9liorer nos services; offrir un service \u00e0 la client\u00e8le plus efficace; mener des activit\u00e9s de recherche et d\u2019analyse visant \u00e0 am\u00e9liorer nos produits, nos services et nos technologies; servir nos int\u00e9r\u00eats commerciaux l\u00e9gitimes (ce qui comprend les analyses des tendances et les \u00e9tudes de march\u00e9); fixer les prix; assurer la facturation; afficher des publicit\u00e9s et du contenu adapt\u00e9s \u00e0 vos int\u00e9r\u00eats et pr\u00e9f\u00e9rences; et respecter la r\u00e9glementation gouvernementale. Nous utilisons \u00e9galement vos renseignements personnels pour communiquer avec vous concernant le site, vos transactions et d\u2019autres produits et services qui pourraient vous int\u00e9resser.<\/p>\n<p>&nbsp;<\/p>\n<p><b>PARTAGE ET DIVULGATION DES RENSEIGNEMENTS<\/b><br \/>\nIl se peut que nous fournissions vos renseignements personnels \u00e0 l\u2019une de nos soci\u00e9t\u00e9s affili\u00e9es pour les raisons susmentionn\u00e9es. Nous pouvons \u00e9galement divulguer certains renseignements sur des commandes effectu\u00e9es par l\u2019entremise du site au groupe ayant conclu une entente avec Sodexo pour vous offrir le service de commande en ligne. Ni Sodexo, ni aucune de ses soci\u00e9t\u00e9s affili\u00e9es ne divulgueront les renseignements personnels dont il est question dans le pr\u00e9sent \u00e9nonc\u00e9 de confidentialit\u00e9 \u00e0 d\u2019autres parties, \u00e0 moins que ce soit pour fournir les produits ou services que vous avez demand\u00e9s, ou qu\u2019on fournisse les renseignements \u00e0 des tiers fournisseurs qui nous aident en offrant des services li\u00e9s \u00e0 votre utilisation du site et aux op\u00e9rations de Sodexo. Nous pouvons aussi nous associer \u00e0 de tierces parties pour pr\u00e9senter des publicit\u00e9s destin\u00e9es aux visiteurs par l\u2019entremise du site. Ces tierces parties ne re\u00e7oivent que les renseignements dont ils ont besoin pour fournir leurs services et ne peuvent utiliser ces renseignements qu\u2019\u00e0 ces fins. Il se peut \u00e9galement que nous compilions des statistiques g\u00e9n\u00e9rales sur les visiteurs, les ventes, les habitudes de transmission et les services et que nous remettions ces statistiques \u00e0 de tierces parties. Cependant, lorsqu\u2019on le fait, les statistiques ne comprennent aucun renseignement personnel qui permettrait d\u2019identifier qui que ce soit.<\/p>\n<p>Conformit\u00e9 avec la loi et demandes l\u00e9gales<br \/>\nSodexo peut divulguer vos renseignements personnels si la loi l\u2019exige, et dans l\u2019\u00e9ventualit\u00e9 peu probable o\u00f9 elle le juge n\u00e9cessaire pour prot\u00e9ger ses droits reconnus par la loi ou pour prot\u00e9ger la s\u00e9curit\u00e9 des utilisateurs du site ou des membres du public.<\/p>\n<p>Transferts<br \/>\nDans l\u2019\u00e9ventualit\u00e9 o\u00f9 Sodexo o\u00f9 ses actifs seraient vendus \u00e0 une autre entreprise, en tout en ou en partie, les renseignements personnels obtenus par l\u2019entremise du site feraient sans doute partie des actifs transf\u00e9r\u00e9s \u00e0 la nouvelle entreprise.<\/p>\n<p><b>RENSEIGNEMENTS GLOBAUX ET DONN\u00c9ES SUR LE PARCOURS DE NAVIGATION<\/b><\/p>\n<p>Sodexo peut rendre anonymes vos renseignements personnels en les d\u00e9pouillant de tout ce qui permettrait de vous identifier et de communiquer avec vous, puis combiner ces renseignements non personnels \u00e0 ceux des autres visiteurs du site. Sodexo peut ensuite se servir de ces renseignements globaux \u00e0 des fins internes, notamment pour les analyses et la planification par l\u2019\u00e9quipe de marketing et le service \u00e0 la client\u00e8le. Nous nous gardons le droit de vendre ou de divulguer les renseignements rendus anonymes \u00e0 de tierces parties, y compris nos partenaires commerciaux.<\/p>\n<p>Comme c\u2019est le cas pour bien d\u2019autres sites Web, lorsque vous visitez le site, certains renseignements concernant votre visite sont enregistr\u00e9s automatiquement. Cette information peut comprendre l\u2019adresse de protocole Internet (IP) de votre ordinateur \u2013 qui correspond au num\u00e9ro attribu\u00e9 \u00e0 votre ordinateur lorsqu\u2019il est connect\u00e9 \u00e0 Internet \u2013 votre syst\u00e8me d\u2019exploitation, les param\u00e8tres d\u2019affichage de votre \u00e9cran, le navigateur que vous utilisez et la page Web qui vous a dirig\u00e9 vers le site. Sodexo peut utiliser ces donn\u00e9es pour les raisons d\u00e9crites \u00e0 la section \u00ab Utilisation des renseignements personnels \u00bb. On peut \u00e9galement rendre ces renseignements anonymes et les utiliser ou les divulguer comme on le d\u00e9crit ci dessus pour les autres renseignements anonymes.<\/p>\n<p><b>T\u00c9MOINS<\/b><br \/>\nLe site peut se servir de \u00ab t\u00e9moins \u00bb pour vous permettre d\u2019ouvrir une session et personnaliser votre exp\u00e9rience en ligne. Un t\u00e9moin consiste en un fichier texte de petite taille plac\u00e9 sur votre disque dur par le serveur d\u2019une page Web. Il contient de l\u2019information qui peut \u00eatre lue ult\u00e9rieurement par un serveur Web dans le domaine d\u2019o\u00f9 le t\u00e9moin a \u00e9t\u00e9 transmis. Le site peut utiliser les t\u00e9moins pour conserver de l\u2019information sur vos pr\u00e9f\u00e9rences et se servir d\u2019autres renseignements contenus dans votre ordinateur \u00e0 des fins de s\u00e9curit\u00e9, pour que vous n\u2019ayez plus \u00e0 entrer sans cesse la m\u00eame information et pour afficher du contenu personnalis\u00e9 et des publicit\u00e9s appropri\u00e9es \u00e0 vos prochaines visites.<\/p>\n<p>Vous pouvez accepter ou refuser l\u2019utilisation des t\u00e9moins. La majorit\u00e9 des navigateurs Web les acceptent automatiquement, mais vous pouvez normalement modifier les param\u00e8tres pour les refuser si vous le souhaitez. Par contre, si vous refusez les t\u00e9moins, il se peut que vous ne puissiez vous connecter au site ou utiliser d\u2019autres options interactives pour lesquelles les t\u00e9moins sont n\u00e9cessaires.<\/p>\n<p><b>MODIFICATION DE L\u2019\u00c9NONC\u00c9 DE CONFIDENTIALIT\u00c9 DE SODEXO<\/b><br \/>\nEn utilisant le site, vous consentez aux pratiques d\u00e9crites dans le pr\u00e9sent \u00e9nonc\u00e9 de confidentialit\u00e9. Sodexo se garde le droit de modifier l\u2019\u00e9nonc\u00e9 de temps \u00e0 autre. En continuant d\u2019utiliser le site, vous acceptez tout changement effectu\u00e9.<\/p>\n<p><b>S\u00c9CURIT\u00c9<\/b><br \/>\nSodexo traite vos renseignements comme un actif qui doit \u00eatre prot\u00e9g\u00e9 contre les pertes et l\u2019acc\u00e8s non autoris\u00e9. Nous employons des techniques de s\u00e9curit\u00e9 des renseignements qui offrent une protection appropri\u00e9e contre l\u2019acc\u00e8s non autoris\u00e9 aux renseignements confidentiels par des visiteurs qui font partie ou non de Sodexo. Au moment du traitement de la commande, vos renseignements sont g\u00e9r\u00e9s de fa\u00e7on s\u00e9curitaire dans une section o\u00f9 l\u2019on vous demande, entre autres, votre nom, votre adresse et le num\u00e9ro de votre carte de cr\u00e9dit. Nous prot\u00e9geons ces renseignements pendant la transmission gr\u00e2ce au logiciel Secure Sockets Layer (SSL), qui chiffre les renseignements que vous entrez. Comme on l\u2019a mentionn\u00e9 pr\u00e9c\u00e9demment, Sodexo prend les pr\u00e9cautions n\u00e9cessaires, dans la mesure du raisonnable, pour prot\u00e9ger les renseignements personnels. Malgr\u00e9 ces efforts, sachez qu\u2019aucun syst\u00e8me de s\u00e9curit\u00e9 n\u2019est infaillible, c\u2019est pourquoi nous ne pouvons garantir la s\u00e9curit\u00e9 absolue de nos bases de donn\u00e9es, ni que l\u2019information que vous nous fournissez ne peut \u00eatre intercept\u00e9e sur le Web pendant sa transmission. Sodexo ne peut \u00eatre tenue responsable d\u2019un acc\u00e8s non autoris\u00e9 \u00e0 ces renseignements par des pirates informatiques ou d\u2019autres personnes qui emploient des moyens ill\u00e9gaux.<\/p>\n<p><b>LIENS VERS D\u2019AUTRES SITES INTERNET<\/b><br \/>\nSodexo peut fournir des liens qui m\u00e8nent vers d\u2019autres sites pour faciliter la navigation. Le fait qu\u2019un lien soit fourni ne signifie pas que Sodexo recommande le site en question ou les produits et services qui y sont offerts. Sodexo n\u2019est pas responsable des pratiques en mati\u00e8re de confidentialit\u00e9 des autres sites, ni de leur contenu. Si vous vous rendez sur un autre site \u00e0 partir du n\u00f4tre, l\u2019\u00e9nonc\u00e9 de confidentialit\u00e9 de Sodexo ne s\u2019applique pas aux renseignements que vous y entrerez. On recommande donc de bien lire l\u2019\u00e9nonc\u00e9 de confidentialit\u00e9 de chaque site que vous visitez.<\/p>\n<p><b>ENFANTS<\/b><br \/>\nLe site n\u2019est pas destin\u00e9 aux enfants. Si vous avez moins de 18 ans, vous devez \u00eatre accompagn\u00e9 d\u2019un parent ou d\u2019un tuteur pour l\u2019utiliser. Nous ne recueillons pas sciemment les renseignements personnels des enfants de moins de 13 ans. Si un enfant fournit des renseignements personnels par l\u2019entremise du site, nous demandons qu\u2019un parent ou un tuteur communique avec nous. Nous supprimerons ensuite les renseignements de nos dossiers.<\/p>\n<p>La derni\u00e8re mise \u00e0 jour du pr\u00e9sent \u00e9nonc\u00e9 de confidentialit\u00e9 a \u00e9t\u00e9 effectu\u00e9e le 7 novembre 2008.<\/p>\n<p>Questions et commentaires<br \/> Cliquez <a href=\"http:\/\/sense.sodexo.ca\/contact.html\">ici<\/a> pour transmettre vos questions, commentaires ou pr\u00e9occupations concernant notre politique en mati\u00e8re de confidentialit\u00e9.<\/p>\n","protected":false},"excerpt":{"rendered":"<p>Nous savons qu\u2019il est important de prot\u00e9ger votre confidentialit\u00e9. Sodexo applique les politiques et pratiques d\u00e9crites dans le pr\u00e9sent \u00e9nonc\u00e9 de confidentialit\u00e9 pour ce qui est du traitement, de l\u2019utilisation et de la protection des renseignements qui nous sont fournis par les visiteurs du pr\u00e9sent site Web (le \u00ab site \u00bb). Nous vous encourageons \u00e0 [&hellip;]<\/p>\n","protected":false},"author":1,"featured_media":0,"parent":0,"menu_order":0,"comment_status":"open","ping_status":"open","template":"","meta":{"_acf_changed":false,"footnotes":""},"class_list":["post-6322","page","type-page","status-publish","hentry"],"acf":[],"yoast_head":"<!-- This site is optimized with the Yoast SEO plugin v24.5 - https:\/\/yoast.com\/wordpress\/plugins\/seo\/ -->\r\n<title>Privacy - Mindful by Sodexo<\/title>\r\n<meta name=\"robots\" content=\"index, follow, max-snippet:-1, max-image-preview:large, max-video-preview:-1\" \/>\r\n<link rel=\"canonical\" href=\"https:\/\/www.mindful.sodexo.com\/fr\/privacy\/\" \/>\r\n<meta property=\"og:locale\" content=\"en_US\" \/>\r\n<meta property=\"og:type\" content=\"article\" \/>\r\n<meta property=\"og:title\" content=\"Privacy - Mindful by Sodexo\" \/>\r\n<meta property=\"og:description\" content=\"Nous savons qu\u2019il est important de prot\u00e9ger votre confidentialit\u00e9. Sodexo applique les politiques et pratiques d\u00e9crites dans le pr\u00e9sent \u00e9nonc\u00e9 de confidentialit\u00e9 pour ce qui est du traitement, de l\u2019utilisation et de la protection des renseignements qui nous sont fournis par les visiteurs du pr\u00e9sent site Web (le \u00ab site \u00bb). Nous vous encourageons \u00e0 [&hellip;]\" \/>\r\n<meta property=\"og:url\" content=\"https:\/\/www.mindful.sodexo.com\/fr\/privacy\/\" \/>\r\n<meta property=\"og:site_name\" content=\"Mindful by Sodexo\" \/>\r\n<meta property=\"article:modified_time\" content=\"2019-03-19T16:51:33+00:00\" \/>\r\n<meta name=\"twitter:card\" content=\"summary_large_image\" \/>\r\n<meta name=\"twitter:label1\" content=\"Est. reading time\" \/>\n\t<meta name=\"twitter:data1\" content=\"9 minutes\" \/>\r\n<script type=\"application\/ld+json\" class=\"yoast-schema-graph\">{\"@context\":\"https:\/\/schema.org\",\"@graph\":[{\"@type\":\"WebPage\",\"@id\":\"https:\/\/www.mindful.sodexo.com\/fr\/privacy\/\",\"url\":\"https:\/\/www.mindful.sodexo.com\/fr\/privacy\/\",\"name\":\"Privacy - Mindful by Sodexo\",\"isPartOf\":{\"@id\":\"https:\/\/www.mindful.sodexo.com\/fr\/#website\"},\"datePublished\":\"2014-11-24T12:59:54+00:00\",\"dateModified\":\"2019-03-19T16:51:33+00:00\",\"breadcrumb\":{\"@id\":\"https:\/\/www.mindful.sodexo.com\/fr\/privacy\/#breadcrumb\"},\"inLanguage\":\"en-US\",\"potentialAction\":[{\"@type\":\"ReadAction\",\"target\":[\"https:\/\/www.mindful.sodexo.com\/fr\/privacy\/\"]}]},{\"@type\":\"BreadcrumbList\",\"@id\":\"https:\/\/www.mindful.sodexo.com\/fr\/privacy\/#breadcrumb\",\"itemListElement\":[{\"@type\":\"ListItem\",\"position\":1,\"name\":\"Home\",\"item\":\"https:\/\/www.mindful.sodexo.com\/fr\/\"},{\"@type\":\"ListItem\",\"position\":2,\"name\":\"Privacy\"}]},{\"@type\":\"WebSite\",\"@id\":\"https:\/\/www.mindful.sodexo.com\/fr\/#website\",\"url\":\"https:\/\/www.mindful.sodexo.com\/fr\/\",\"name\":\"Mindful by Sodexo\",\"description\":\"\",\"potentialAction\":[{\"@type\":\"SearchAction\",\"target\":{\"@type\":\"EntryPoint\",\"urlTemplate\":\"https:\/\/www.mindful.sodexo.com\/fr\/?s={search_term_string}\"},\"query-input\":{\"@type\":\"PropertyValueSpecification\",\"valueRequired\":true,\"valueName\":\"search_term_string\"}}],\"inLanguage\":\"en-US\"}]}<\/script>\r\n<!-- \/ Yoast SEO plugin. -->","yoast_head_json":{"title":"Privacy - Mindful by Sodexo","robots":{"index":"index","follow":"follow","max-snippet":"max-snippet:-1","max-image-preview":"max-image-preview:large","max-video-preview":"max-video-preview:-1"},"canonical":"https:\/\/www.mindful.sodexo.com\/fr\/privacy\/","og_locale":"en_US","og_type":"article","og_title":"Privacy - Mindful by Sodexo","og_description":"Nous savons qu\u2019il est important de prot\u00e9ger votre confidentialit\u00e9. Sodexo applique les politiques et pratiques d\u00e9crites dans le pr\u00e9sent \u00e9nonc\u00e9 de confidentialit\u00e9 pour ce qui est du traitement, de l\u2019utilisation et de la protection des renseignements qui nous sont fournis par les visiteurs du pr\u00e9sent site Web (le \u00ab site \u00bb). Nous vous encourageons \u00e0 [&hellip;]","og_url":"https:\/\/www.mindful.sodexo.com\/fr\/privacy\/","og_site_name":"Mindful by Sodexo","article_modified_time":"2019-03-19T16:51:33+00:00","twitter_card":"summary_large_image","twitter_misc":{"Est. reading time":"9 minutes"},"schema":{"@context":"https:\/\/schema.org","@graph":[{"@type":"WebPage","@id":"https:\/\/www.mindful.sodexo.com\/fr\/privacy\/","url":"https:\/\/www.mindful.sodexo.com\/fr\/privacy\/","name":"Privacy - Mindful by Sodexo","isPartOf":{"@id":"https:\/\/www.mindful.sodexo.com\/fr\/#website"},"datePublished":"2014-11-24T12:59:54+00:00","dateModified":"2019-03-19T16:51:33+00:00","breadcrumb":{"@id":"https:\/\/www.mindful.sodexo.com\/fr\/privacy\/#breadcrumb"},"inLanguage":"en-US","potentialAction":[{"@type":"ReadAction","target":["https:\/\/www.mindful.sodexo.com\/fr\/privacy\/"]}]},{"@type":"BreadcrumbList","@id":"https:\/\/www.mindful.sodexo.com\/fr\/privacy\/#breadcrumb","itemListElement":[{"@type":"ListItem","position":1,"name":"Home","item":"https:\/\/www.mindful.sodexo.com\/fr\/"},{"@type":"ListItem","position":2,"name":"Privacy"}]},{"@type":"WebSite","@id":"https:\/\/www.mindful.sodexo.com\/fr\/#website","url":"https:\/\/www.mindful.sodexo.com\/fr\/","name":"Mindful by Sodexo","description":"","potentialAction":[{"@type":"SearchAction","target":{"@type":"EntryPoint","urlTemplate":"https:\/\/www.mindful.sodexo.com\/fr\/?s={search_term_string}"},"query-input":{"@type":"PropertyValueSpecification","valueRequired":true,"valueName":"search_term_string"}}],"inLanguage":"en-US"}]}},"_links":{"self":[{"href":"https:\/\/www.mindful.sodexo.com\/fr\/wp-json\/wp\/v2\/pages\/6322","targetHints":{"allow":["GET"]}}],"collection":[{"href":"https:\/\/www.mindful.sodexo.com\/fr\/wp-json\/wp\/v2\/pages"}],"about":[{"href":"https:\/\/www.mindful.sodexo.com\/fr\/wp-json\/wp\/v2\/types\/page"}],"author":[{"embeddable":true,"href":"https:\/\/www.mindful.sodexo.com\/fr\/wp-json\/wp\/v2\/users\/1"}],"replies":[{"embeddable":true,"href":"https:\/\/www.mindful.sodexo.com\/fr\/wp-json\/wp\/v2\/comments?post=6322"}],"version-history":[{"count":1,"href":"https:\/\/www.mindful.sodexo.com\/fr\/wp-json\/wp\/v2\/pages\/6322\/revisions"}],"predecessor-version":[{"id":14004,"href":"https:\/\/www.mindful.sodexo.com\/fr\/wp-json\/wp\/v2\/pages\/6322\/revisions\/14004"}],"wp:attachment":[{"href":"https:\/\/www.mindful.sodexo.com\/fr\/wp-json\/wp\/v2\/media?parent=6322"}],"curies":[{"name":"wp","href":"https:\/\/api.w.org\/{rel}","templated":true}]}}