{"id":5596,"date":"2014-11-24T12:57:39","date_gmt":"2014-11-24T12:57:39","guid":{"rendered":"https:\/\/mindful.sodexo.com\/fr\/medical-disclaimer"},"modified":"2019-03-19T16:52:42","modified_gmt":"2019-03-19T16:52:42","slug":"medical-disclaimer","status":"publish","type":"page","link":"https:\/\/www.mindful.sodexo.com\/fr\/medical-disclaimer\/","title":{"rendered":"Medical Disclaimer"},"content":{"rendered":"<h5 class=\"black\">PAGE SITE WEB<\/h5>\n<p>Le contenu publi\u00e9 sur ce site web est destin\u00e9 \u00e0 \u00eatre une ressource d\u2019information g\u00e9n\u00e9rale en ce qui concerne la mati\u00e8re couverte, mais est fourni uniquement sur une base &#8220;TEL QUEL&#8221; et &#8220;TELS QUE DISPONIBLES&#8221;. Vous \u00eates invit\u00e9s \u00e0 confirmer toutes les informations de sant\u00e9 et nutritionnelles contenue dans ce document avec d\u2019autres sources, et d\u2019examiner attentivement l\u2019information avec votre professionnel de la sant\u00e9. Sodexo n\u2019est pas engag\u00e9e dans la fourniture des services ou des conseils m\u00e9dicaux professionnels ou analogues, et l\u2019information offerte n\u2019est pas destin\u00e9e \u00e0 remplacer les conseils m\u00e9dicaux offerts par des m\u00e9decins ou d\u2019autres professionnels de la sant\u00e9. Si vous d\u00e9sirez ou avez besoin de tels services ou conseils, vous devriez consulter votre professionnel de la sant\u00e9. Vous ne devez pas interpr\u00e9ter la publication de ce contenu de Sodexo comme une approbation par Sodexo des opinions exprim\u00e9es ci-incluses, ou de toute garantie de la garantie de toute strat\u00e9gie, recommandation, le traitement, l\u2019action, ou l\u2019application de m\u00e9dicaments ou de la pr\u00e9paration faite par l\u2019auteur du contenu.<\/p>\n<h5 class=\"black\">AUCUNE GARANTIE<\/h5>\n<p>TOUT LE CONTENU DE CE SITE WEB VOUS EST OFFERT \u00abTEL QUEL\u00bb ET \u00abTELS QUE DISPONIBLES\u00bb SANS GARANTIE D\u2019AUCUNE SORTE, EXPLICITE OU IMPLICITE, Y COMPRIS MAIS SANS SE LIMITER \u00c0 TOUTE GARANTIE IMPLICITE DE QUALIT\u00c9 MARCHANDE, D\u2019AD\u00c9QUATION A UN USAGE PARTICULIER, ET NON-INFRINGEMENT. SODEXO NE DONNE AUCUNE GARANTIE QUANT \u00c0 L\u2019EXACTITUDE, L\u2019ACTUALIT\u00c9 OU LA FIABILIT\u00c9 DU CONTENU DISPONIBLE PAR CE SITE WEB. VOUS \u00caTES RESPONSABLE DE V\u00c9RIFIER TOUTE INFORMATION AVANT DE VOUS Y FIER. UTILISATION DU SITE WEB ET LE CONTENU DISPONIBLE SUR LE SITE WEB EST \u00c0 VOS PROPRES RISQUES.<\/p>\n<p>SODEXO NE FAIT AUCUNE D\u00c9CLARATION OU GARANTIE QUE L\u2019UTILISATION DU SITE WEB SERA SANS INTERRUPTION OU SANS ERREUR. VOUS \u00caTES RESPONSABLE DE PRENDRE TOUTES LES PR\u00c9CAUTIONS N\u00c9CESSAIRES POUR ASSURER QUE LE CONTENU QUE VOUS POUVEZ OBTENIR SUR LE SITE WEB EST LIBRE DE VIRUS.<\/p>\n<h5 class=\"black\">LIMITATION DE RESPONSABILIT\u00c9<\/h5>\n<p>SODEXO D\u00c9CLINE NOTAMMENT TOUTE RESPONSABILIT\u00c9, EN MATI\u00c8RE CONTRACTUELLE, D\u00c9LICTUELLE, STRICTE OU AUTRE, DES DOMMAGES DIRECTS, INDIRECTS, FORF\u00c9TAIRES, CONS\u00c9CUTIFS, OU DOMMAGES PARTICULIERS R\u00c9SULTANT DE OU EN RELATION AVEC L\u2019ACC\u00c8S OU L\u2019UTILISATION DU SITE WEB, M\u00caME SI SODEXO A \u00c9T\u00c9 INFORM\u00c9 DE LA POSSIBILIT\u00c9 DE TELS DOMMAGES, Y COMPRIS MAIS SANS S\u2019Y LIMITER \u00c0 LA CONFIANCE PAR TOUTE PARTIE SUR TOUT CONTENU OBTENU PAR L\u2019UTILISATION DE CE SITE WEB, OU QUI SURVIENT EN RELATION AVEC DES ERREURS OU OMISSIONS, OU DES RETARDS DANS LA TRANSMISSION DE, PAR DE L\u2019INFORMATION OU DE L\u2019UTILISATEUR, DE L\u2019INTERRUPTION DES CONNEXIONS DES T\u00c9L\u00c9COMMUNICATIONS AU SITE WEB OU DES VIRUS, SOIT CAUS\u00c9E EN TOUT OU EN PARTIE PAR LA N\u00c9GLIGENCE, ACTES DE DIEU, PANNE DES T\u00c9L\u00c9COMMUNICATIONS, VOL OU DE LA DESTRUCTION DE OU \u00c0 UN ACC\u00c8S NON AUTORIS\u00c9 SUR LE SITE WEB, OU EN RELATION INFORMATIONS OU DE PROGRAMMES.<\/p>\n<h5 class=\"black\">LOI APPLICABLE<\/h5>\n<p>Ces termes et conditions sont r\u00e9gis et interpr\u00e9t\u00e9s conform\u00e9ment aux lois de l\u2019\u00c9tat du Maryland des \u00c9tats-Unis, sans \u00e9gard aux dispositions sur les conflits de lois. Sodexo ne fait aucune repr\u00e9sentation que les informations sur le site Web sont appropri\u00e9es ou disponibles pour utilisation dans d\u2019autres lieux, et l\u2019acc\u00e8s au site Web de Sodexo \u00e0 partir de territoires o\u00f9 le contenu du site Web peut \u00eatre ill\u00e9gal est interdit. Ceux qui choisissent d\u2019acc\u00e9der au site Web \u00e0 partir d\u2019autres endroits le font de leur propre initiative et sont responsables du respect des lois locales applicables.<\/p>\n","protected":false},"excerpt":{"rendered":"<p>PAGE SITE WEB Le contenu publi\u00e9 sur ce site web est destin\u00e9 \u00e0 \u00eatre une ressource d\u2019information g\u00e9n\u00e9rale en ce qui concerne la mati\u00e8re couverte, mais est fourni uniquement sur une base &#8220;TEL QUEL&#8221; et &#8220;TELS QUE DISPONIBLES&#8221;. Vous \u00eates invit\u00e9s \u00e0 confirmer toutes les informations de sant\u00e9 et nutritionnelles contenue dans ce document avec [&hellip;]<\/p>\n","protected":false},"author":1,"featured_media":0,"parent":0,"menu_order":0,"comment_status":"open","ping_status":"open","template":"","meta":{"_acf_changed":false,"footnotes":""},"class_list":["post-5596","page","type-page","status-publish","hentry"],"acf":[],"yoast_head":"<!-- This site is optimized with the Yoast SEO plugin v24.5 - https:\/\/yoast.com\/wordpress\/plugins\/seo\/ -->\r\n<title>Medical Disclaimer - Mindful by Sodexo<\/title>\r\n<meta name=\"robots\" content=\"index, follow, max-snippet:-1, max-image-preview:large, max-video-preview:-1\" \/>\r\n<link rel=\"canonical\" href=\"https:\/\/www.mindful.sodexo.com\/fr\/medical-disclaimer\/\" \/>\r\n<meta property=\"og:locale\" content=\"en_US\" \/>\r\n<meta property=\"og:type\" content=\"article\" \/>\r\n<meta property=\"og:title\" content=\"Medical Disclaimer - Mindful by Sodexo\" \/>\r\n<meta property=\"og:description\" content=\"PAGE SITE WEB Le contenu publi\u00e9 sur ce site web est destin\u00e9 \u00e0 \u00eatre une ressource d\u2019information g\u00e9n\u00e9rale en ce qui concerne la mati\u00e8re couverte, mais est fourni uniquement sur une base &#8220;TEL QUEL&#8221; et &#8220;TELS QUE DISPONIBLES&#8221;. Vous \u00eates invit\u00e9s \u00e0 confirmer toutes les informations de sant\u00e9 et nutritionnelles contenue dans ce document avec [&hellip;]\" \/>\r\n<meta property=\"og:url\" content=\"https:\/\/www.mindful.sodexo.com\/fr\/medical-disclaimer\/\" \/>\r\n<meta property=\"og:site_name\" content=\"Mindful by Sodexo\" \/>\r\n<meta property=\"article:modified_time\" content=\"2019-03-19T16:52:42+00:00\" \/>\r\n<meta name=\"twitter:card\" content=\"summary_large_image\" \/>\r\n<meta name=\"twitter:label1\" content=\"Est. reading time\" \/>\n\t<meta name=\"twitter:data1\" content=\"3 minutes\" \/>\r\n<script type=\"application\/ld+json\" class=\"yoast-schema-graph\">{\"@context\":\"https:\/\/schema.org\",\"@graph\":[{\"@type\":\"WebPage\",\"@id\":\"https:\/\/www.mindful.sodexo.com\/fr\/medical-disclaimer\/\",\"url\":\"https:\/\/www.mindful.sodexo.com\/fr\/medical-disclaimer\/\",\"name\":\"Medical Disclaimer - Mindful by Sodexo\",\"isPartOf\":{\"@id\":\"https:\/\/www.mindful.sodexo.com\/fr\/#website\"},\"datePublished\":\"2014-11-24T12:57:39+00:00\",\"dateModified\":\"2019-03-19T16:52:42+00:00\",\"breadcrumb\":{\"@id\":\"https:\/\/www.mindful.sodexo.com\/fr\/medical-disclaimer\/#breadcrumb\"},\"inLanguage\":\"en-US\",\"potentialAction\":[{\"@type\":\"ReadAction\",\"target\":[\"https:\/\/www.mindful.sodexo.com\/fr\/medical-disclaimer\/\"]}]},{\"@type\":\"BreadcrumbList\",\"@id\":\"https:\/\/www.mindful.sodexo.com\/fr\/medical-disclaimer\/#breadcrumb\",\"itemListElement\":[{\"@type\":\"ListItem\",\"position\":1,\"name\":\"Home\",\"item\":\"https:\/\/www.mindful.sodexo.com\/fr\/\"},{\"@type\":\"ListItem\",\"position\":2,\"name\":\"Medical Disclaimer\"}]},{\"@type\":\"WebSite\",\"@id\":\"https:\/\/www.mindful.sodexo.com\/fr\/#website\",\"url\":\"https:\/\/www.mindful.sodexo.com\/fr\/\",\"name\":\"Mindful by Sodexo\",\"description\":\"\",\"potentialAction\":[{\"@type\":\"SearchAction\",\"target\":{\"@type\":\"EntryPoint\",\"urlTemplate\":\"https:\/\/www.mindful.sodexo.com\/fr\/?s={search_term_string}\"},\"query-input\":{\"@type\":\"PropertyValueSpecification\",\"valueRequired\":true,\"valueName\":\"search_term_string\"}}],\"inLanguage\":\"en-US\"}]}<\/script>\r\n<!-- \/ Yoast SEO plugin. -->","yoast_head_json":{"title":"Medical Disclaimer - Mindful by Sodexo","robots":{"index":"index","follow":"follow","max-snippet":"max-snippet:-1","max-image-preview":"max-image-preview:large","max-video-preview":"max-video-preview:-1"},"canonical":"https:\/\/www.mindful.sodexo.com\/fr\/medical-disclaimer\/","og_locale":"en_US","og_type":"article","og_title":"Medical Disclaimer - Mindful by Sodexo","og_description":"PAGE SITE WEB Le contenu publi\u00e9 sur ce site web est destin\u00e9 \u00e0 \u00eatre une ressource d\u2019information g\u00e9n\u00e9rale en ce qui concerne la mati\u00e8re couverte, mais est fourni uniquement sur une base &#8220;TEL QUEL&#8221; et &#8220;TELS QUE DISPONIBLES&#8221;. Vous \u00eates invit\u00e9s \u00e0 confirmer toutes les informations de sant\u00e9 et nutritionnelles contenue dans ce document avec [&hellip;]","og_url":"https:\/\/www.mindful.sodexo.com\/fr\/medical-disclaimer\/","og_site_name":"Mindful by Sodexo","article_modified_time":"2019-03-19T16:52:42+00:00","twitter_card":"summary_large_image","twitter_misc":{"Est. reading time":"3 minutes"},"schema":{"@context":"https:\/\/schema.org","@graph":[{"@type":"WebPage","@id":"https:\/\/www.mindful.sodexo.com\/fr\/medical-disclaimer\/","url":"https:\/\/www.mindful.sodexo.com\/fr\/medical-disclaimer\/","name":"Medical Disclaimer - Mindful by Sodexo","isPartOf":{"@id":"https:\/\/www.mindful.sodexo.com\/fr\/#website"},"datePublished":"2014-11-24T12:57:39+00:00","dateModified":"2019-03-19T16:52:42+00:00","breadcrumb":{"@id":"https:\/\/www.mindful.sodexo.com\/fr\/medical-disclaimer\/#breadcrumb"},"inLanguage":"en-US","potentialAction":[{"@type":"ReadAction","target":["https:\/\/www.mindful.sodexo.com\/fr\/medical-disclaimer\/"]}]},{"@type":"BreadcrumbList","@id":"https:\/\/www.mindful.sodexo.com\/fr\/medical-disclaimer\/#breadcrumb","itemListElement":[{"@type":"ListItem","position":1,"name":"Home","item":"https:\/\/www.mindful.sodexo.com\/fr\/"},{"@type":"ListItem","position":2,"name":"Medical Disclaimer"}]},{"@type":"WebSite","@id":"https:\/\/www.mindful.sodexo.com\/fr\/#website","url":"https:\/\/www.mindful.sodexo.com\/fr\/","name":"Mindful by Sodexo","description":"","potentialAction":[{"@type":"SearchAction","target":{"@type":"EntryPoint","urlTemplate":"https:\/\/www.mindful.sodexo.com\/fr\/?s={search_term_string}"},"query-input":{"@type":"PropertyValueSpecification","valueRequired":true,"valueName":"search_term_string"}}],"inLanguage":"en-US"}]}},"_links":{"self":[{"href":"https:\/\/www.mindful.sodexo.com\/fr\/wp-json\/wp\/v2\/pages\/5596","targetHints":{"allow":["GET"]}}],"collection":[{"href":"https:\/\/www.mindful.sodexo.com\/fr\/wp-json\/wp\/v2\/pages"}],"about":[{"href":"https:\/\/www.mindful.sodexo.com\/fr\/wp-json\/wp\/v2\/types\/page"}],"author":[{"embeddable":true,"href":"https:\/\/www.mindful.sodexo.com\/fr\/wp-json\/wp\/v2\/users\/1"}],"replies":[{"embeddable":true,"href":"https:\/\/www.mindful.sodexo.com\/fr\/wp-json\/wp\/v2\/comments?post=5596"}],"version-history":[{"count":1,"href":"https:\/\/www.mindful.sodexo.com\/fr\/wp-json\/wp\/v2\/pages\/5596\/revisions"}],"predecessor-version":[{"id":13999,"href":"https:\/\/www.mindful.sodexo.com\/fr\/wp-json\/wp\/v2\/pages\/5596\/revisions\/13999"}],"wp:attachment":[{"href":"https:\/\/www.mindful.sodexo.com\/fr\/wp-json\/wp\/v2\/media?parent=5596"}],"curies":[{"name":"wp","href":"https:\/\/api.w.org\/{rel}","templated":true}]}}