{"id":5593,"date":"2014-11-24T12:53:22","date_gmt":"2014-11-24T12:53:22","guid":{"rendered":"https:\/\/mindful.sodexo.com\/fr\/terms-conditions"},"modified":"2019-03-19T16:50:39","modified_gmt":"2019-03-19T16:50:39","slug":"terms-conditions","status":"publish","type":"page","link":"https:\/\/www.mindful.sodexo.com\/fr\/terms-conditions\/","title":{"rendered":"Terms &#038; Conditions"},"content":{"rendered":"<h5>Restrictions d\u2019utilisation.<\/h5>\n<p>Vous pouvez t\u00e9l\u00e9charger, reproduire et retransmettre le mat\u00e9riel affich\u00e9 sur ce site Web pour une utilisation personnelle et non commerciale. Si vous d\u00e9cidez d\u2019afficher, vous acceptez que Sodexo conserve tous les droits d\u2019auteur et autres avis de propri\u00e9t\u00e9 contenus dans lesdits mat\u00e9riaux. Vous ne pouvez pas utiliser, distribuer, modifier, transmettre, ou afficher le contenu du site Web Sodexo \u00e0 des fins publiques ou commerciales, y compris les textes, images, audio ou vid\u00e9o sans l\u2019autorisation \u00e9crite de Sodexo.<\/p>\n<h5>Marques de commerce et droits d\u2019auteur.<\/h5>\n<p>Ce site Web et son contenu sont la propri\u00e9t\u00e9 de Sodexo ou de ses filiales ou agent et sont prot\u00e9g\u00e9s par les lois am\u00e9ricaines sur les droits d\u2019auteurs et les r\u00e8glementations des trait\u00e9s internationaux. Tout le contenu, marques de commerce, marques de service, noms commerciaux, logos et ic\u00f4nes sont les propri\u00e9t\u00e9s de Sodexo ou de ses filiales ou agents. Aucune information contenue dans ce site Web ne doit \u00eatre interpr\u00e9t\u00e9 comme accordant, par implication, pr\u00e9clusion ou autre, une licence ou droit d\u2019utiliser toute marque de commerce affich\u00e9e sur ce site Web sans l\u2019autorisation \u00e9crite de Sodexo ou d\u2019un tiers pouvant \u00eatre propri\u00e9taire des marques affich\u00e9es sur ce site Web. Votre utilisation des marques de commerce affich\u00e9es sur ce site Web, ou tout autre contenu sur ce site Web, sauf conform\u00e9ment aux pr\u00e9sentes, est strictement interdite. Sodexo respecte les droits de propri\u00e9t\u00e9 intellectuelle d\u2019autrui et nous vous demandons de faire de m\u00eame. Veuillez voir notre politique de droit d\u2019auteur.<\/p>\n<h5>Courriel.<\/h5>\n<p>Les soumissions de courriel sur l\u2019Internet peuvent ne pas \u00eatre s\u00e9curis\u00e9es. Veuillez prendre ce fait en consid\u00e9ration avant d\u2019envoyer une missive par courriel. En ce qui concerne toutes les communications effectu\u00e9es \u00e0 l\u2019endroit de Sodexo, y compris, mais sans y limit\u00e9 les questions, commentaires, suggestions, r\u00e9troactions, etc., vous (i) comprenez et acceptez que Sodexo se r\u00e9serve le droit de r\u00e9pondre ou non, \u00e0 sa discr\u00e9tion, \u00e0 toutes questions soumises par vous; (ii) comprenez et acceptez que tel contenu sera r\u00e9put\u00e9 non confidentiel; (iii) acceptez de ne pas soumettre du contenu qui enfreint ou qui contient des virus, chevaux de Troie, vers, bombes \u00e0 retardement, messagerie d\u2019annulation automatique, \u0153ufs de P\u00e2ques ou d\u2019autres routines de programmation informatique pouvant endommager, interf\u00e9rer de mani\u00e8re pr\u00e9judiciable ou autrement nuire au bon fonctionnement d\u2019un autre ordinateur ou d\u2019intercepter subrepticement ou exproprier tout syst\u00e8me, donn\u00e9es ou renseignements personnels; et (iv) permettre \u00e0 Sodexo le droit illimit\u00e9 et irr\u00e9vocable d\u2019utiliser, copier, modifier, publier, ex\u00e9cuter, transmettre et afficher un tel contenu via tous les m\u00e9dias, et renoncent \u00e0 tout droit moral que vous pourriez avoir sur ce contenu. Sodexo est libre d\u2019utiliser ce contenu, y compris les id\u00e9es, concepts, savoir-faire ou les techniques contenues dans un tel contenu, pour quelque raison que ce soit.<\/p>\n<p>Renseignements de tierce partie. Les liens vers d\u2019autres sites Web exploit\u00e9s par d\u2019autres entit\u00e9s sont inclus pour votre commodit\u00e9. Sodexo ne fait aucune repr\u00e9sentation quant au contenu ou \u00e0 l\u2019exactitude de tout autre site web, auquel vous pouvez acc\u00e9der gr\u00e2ce \u00e0 celui-ci. Sodexo n\u2019est pas responsable du contenu trouv\u00e9 sur d\u2019autres sites Web, qui est li\u00e9 \u00e0 partir de cette page. L\u2019existence de ces liens sur le site Web de Sodexo n\u2019implique pas l\u2019approbation, la recommandation ou de parrainage pour tout site Web li\u00e9 ou des services, des produits ou des conseils d\u00e9crits sur le site. Les points de vue, les opinions, les d\u00e9clarations, les offres ou autre information ou contenu exprim\u00e9 \u00e0 cet \u00e9gard sont ceux de l\u2019auteur(s) respectif ou du distributeur(s) et non de Sodexo.<\/p>\n<h5>Liens vers le site Sodexo.<\/h5>\n<p>Sauf indication contraire dans un accord \u00e9crit entre vous et Sodexo, vous devez adh\u00e9rer \u00e0 la politique de cha\u00eenage de Sodexo comme suit: (I) tout lien vers le site Web doit \u00eatre un lien textuel avec la mention claire \u00abSite Web Sodexo\u00bb, (ii) l\u2019apparence, la position et d\u2019autres aspects du lien ne peuvent pas \u00eatre de nature \u00e0 endommager ou diluer la bonne intention associ\u00e9e aux noms et marques de Sodexo, (iii) le lien doit \u00abpointer\u00bb vers la page d\u2019accueil de l\u2019URL (r\u00e9pertoire, principale, ou autre) et non \u00e0 d\u2019autres pages du site Web, (iv) l\u2019apparence, la position et d\u2019autres attributs du lien peuvent ne pas cr\u00e9er la fausse impression que votre organisation ou entit\u00e9 est parrain\u00e9 par, affili\u00e9 \u00e0, ou associ\u00e9s \u00e0 Sodexo, (v) lorsqu\u2019il est s\u00e9lectionn\u00e9 par un utilisateur, le lien doit afficher le site Web sur plein \u00e9cran et non dans un \u00abcadre\u00bb sur le site Web li\u00e9, et (vi) Sodexo se r\u00e9serve le droit de r\u00e9voquer son consentement au lien \u00e0 tout moment et \u00e0 sa seule discr\u00e9tion.<\/p>\n<h5>Exon\u00e9ration de garanties.<\/h5>\n<p>LE CONTENU ENTIER DE CE SITE WEB VOUS EST OFFERT SUR UNE BASE \u00abTEL QUEL\u00bb ET \u00abTELS QUE DISPONIBLES\u00bb SANS GARANTIE D\u2019AUCUNE SORTE, EXPLICITE OU IMPLICITE, Y COMPRIS MAIS SANS S\u2019Y LIMITER, TOUTE GARANTIE IMPLICITE DE QUALIT\u00c9 MARCHANDE, D\u2019AD\u00c9QUATION \u00c0 UN USAGE PARTICULIER, D\u2019EXACTITUDE, ET NON-VIOLATION. Sodexo n\u2019offre aucune garantie quant \u00e0 l\u2019exactitude, l\u2019exhaustivit\u00e9, la devise, ou la fiabilit\u00e9 des contenus disponibles sur ce site Web. Vous \u00eates responsable de v\u00e9rifier toute information avant de d\u00e9pendre de celle-ci. Utilisation du site Web et du contenu disponible sur le site Web est \u00e0 vos propres risques. Sodexo ne fait aucune repr\u00e9sentation ou garantie que l\u2019utilisation du site Web soit ininterrompue ou sans erreur. Vous \u00eates responsable de prendre toutes les pr\u00e9cautions n\u00e9cessaires pour vous assurer que tout contenu que vous pouvez obtenir \u00e0 partir du site Web est exempt de virus. Certains \u00e9tats n\u2019autorisent pas l\u2019exclusion des garanties implicites, de sorte que la d\u00e9n\u00e9gation qui pr\u00e9c\u00e8de ne peut pas s\u2019appliquer \u00e0 vous.<\/p>\n<p>Limitation de responsabilit\u00e9. Votre utilisation du site Web ou de tout contenu sur le site Web est \u00e0 vos propres risques. Sodexo d\u00e9cline express\u00e9ment toute responsabilit\u00e9, qu\u2019elle soit fond\u00e9e sur un contrat, n\u00e9gligence, la responsabilit\u00e9 stricte ou autre, des dommages directs, indirects, accessoires, indirects ou particuliers d\u00e9coulant de ou en aucune fa\u00e7on reli\u00e9e \u00e0 l\u2019acc\u00e8s ou l\u2019utilisation du site Web, m\u00eame si Sodexo a \u00e9t\u00e9 inform\u00e9 de la possibilit\u00e9 de tels dommages, y compris, mais sans s\u2019y limiter \u00e0 l\u2019argument de toute partie sur tout contenu obtenu gr\u00e2ce \u00e0 l\u2019utilisation du site Web, ou de ce qui se pose dans le cadre d\u2019erreurs ou d\u2019omissions, ou de retards dans la transmission de l\u2019information provenant de ou de la part de l\u2019utilisateur, des interruptions dans les connexions de t\u00e9l\u00e9communications sur le site Web ou de virus, qu\u2019elle soit caus\u00e9e en tout ou en partie par de la n\u00e9gligence, des actes de Dieu, l\u2019interruption des t\u00e9l\u00e9communications, le vol ou la destruction ou d\u2019un acc\u00e8s non autoris\u00e9 au site Web, ou de l\u2019information ou des programmes li\u00e9s. Certains \u00e9tats ne permettent pas la limitation de responsabilit\u00e9, de sorte que la limitation ci-dessus peut ne pas s\u2019appliquer pour vous.<\/p>\n<h5>Violations et politiques suppl\u00e9mentaires.<\/h5>\n<p>Sodexo se r\u00e9serve le droit d\u2019exercer tous les recours disponibles en droit et en \u00e9quit\u00e9 en cas de violation des r\u00e8gles et r\u00e8glements \u00e9nonc\u00e9s dans le pr\u00e9sent site Web, y compris le droit de bloquer l\u2019acc\u00e8s \u00e0 partir d\u2019une adresse Internet en particulier sur le site Web.<\/p>\n<h5>Loi applicable.<\/h5>\n<p>Ces termes et conditions sont r\u00e9gies et interpr\u00e9t\u00e9es conform\u00e9ment aux lois de l\u2019\u00c9tat du Maryland des \u00c9tats-Unis, sans \u00e9gard aux dispositions sur les conflits de lois. Sodexo ne fait aucune repr\u00e9sentation que l\u2019information dans le site Web est appropri\u00e9e ou disponible pour utilisation dans d\u2019autres endroits, et l\u2019acc\u00e8s au site Web de Sodexo \u00e0 partir de territoires o\u00f9 le contenu du site Web de Sodexo peut \u00eatre ill\u00e9gal est interdit. Ceux qui choisissent d\u2019acc\u00e9der au site Web de Sodexo \u00e0 partir d\u2019autres endroits le font de leur propre initiative et sont responsables du respect des lois locales applicables. Ces Termes et Conditions d\u2019Utilisation et tous les documents ci-inclus par renvoi aux pr\u00e9sentes constituent l\u2019int\u00e9gralit\u00e9 de l\u2019accord entre Sodexo et vous quant au Site Web Sodexo. Si une partie de ces Conditions d\u2019Utilisation est ill\u00e9gale, nulle ou non ex\u00e9cutoire, cette partie sera r\u00e9put\u00e9e divisible et n\u2019affectera pas la validit\u00e9 et le caract\u00e8re ex\u00e9cutoire des dispositions restantes.<\/p>\n<p>Les r\u00e9visions de ce site Web et de ces Termes et Conditions d\u2019Utilisation. Sodexo peut, \u00e0 sa seule discr\u00e9tion, apporter des modifications \u00e0 tout aspect de ce site Web, y compris, sans limitation, tout contenu ou activit\u00e9 disponibles sur ce site Web et des produits ou des services offerts par ce site Web. Sodexo peut \u00e9galement, \u00e0 sa seule discr\u00e9tion, r\u00e9viser ces Termes et Conditions d\u2019Utilisation en mettant \u00e0 jour ou par la r\u00e9vision de ce document, avec les termes r\u00e9vis\u00e9s prenant effet \u00e0 compter de la date de sa publication. L\u2019utilisation continue de ce site Web suivant la date d\u2019effet de ces modifications constitue votre acceptation de ces changements.<\/p>\n<h5>Questions.<\/h5>\n<p>Veuillez nous contacter sur ce site si vous avez des questions au sujet de ces Termes et Conditions d\u2019Utilisation.<\/p>\n","protected":false},"excerpt":{"rendered":"<p>Restrictions d\u2019utilisation. Vous pouvez t\u00e9l\u00e9charger, reproduire et retransmettre le mat\u00e9riel affich\u00e9 sur ce site Web pour une utilisation personnelle et non commerciale. Si vous d\u00e9cidez d\u2019afficher, vous acceptez que Sodexo conserve tous les droits d\u2019auteur et autres avis de propri\u00e9t\u00e9 contenus dans lesdits mat\u00e9riaux. Vous ne pouvez pas utiliser, distribuer, modifier, transmettre, ou afficher le [&hellip;]<\/p>\n","protected":false},"author":1,"featured_media":0,"parent":0,"menu_order":0,"comment_status":"open","ping_status":"open","template":"","meta":{"_acf_changed":false,"footnotes":""},"class_list":["post-5593","page","type-page","status-publish","hentry"],"acf":[],"yoast_head":"<!-- This site is optimized with the Yoast SEO plugin v24.5 - https:\/\/yoast.com\/wordpress\/plugins\/seo\/ -->\r\n<title>Terms &amp; Conditions - Mindful by Sodexo<\/title>\r\n<meta name=\"robots\" content=\"index, follow, max-snippet:-1, max-image-preview:large, max-video-preview:-1\" \/>\r\n<link rel=\"canonical\" href=\"https:\/\/www.mindful.sodexo.com\/fr\/terms-conditions\/\" \/>\r\n<meta property=\"og:locale\" content=\"en_US\" \/>\r\n<meta property=\"og:type\" content=\"article\" \/>\r\n<meta property=\"og:title\" content=\"Terms &amp; Conditions - Mindful by Sodexo\" \/>\r\n<meta property=\"og:description\" content=\"Restrictions d\u2019utilisation. Vous pouvez t\u00e9l\u00e9charger, reproduire et retransmettre le mat\u00e9riel affich\u00e9 sur ce site Web pour une utilisation personnelle et non commerciale. Si vous d\u00e9cidez d\u2019afficher, vous acceptez que Sodexo conserve tous les droits d\u2019auteur et autres avis de propri\u00e9t\u00e9 contenus dans lesdits mat\u00e9riaux. Vous ne pouvez pas utiliser, distribuer, modifier, transmettre, ou afficher le [&hellip;]\" \/>\r\n<meta property=\"og:url\" content=\"https:\/\/www.mindful.sodexo.com\/fr\/terms-conditions\/\" \/>\r\n<meta property=\"og:site_name\" content=\"Mindful by Sodexo\" \/>\r\n<meta property=\"article:modified_time\" content=\"2019-03-19T16:50:39+00:00\" \/>\r\n<meta name=\"twitter:card\" content=\"summary_large_image\" \/>\r\n<meta name=\"twitter:label1\" content=\"Est. reading time\" \/>\n\t<meta name=\"twitter:data1\" content=\"8 minutes\" \/>\r\n<script type=\"application\/ld+json\" class=\"yoast-schema-graph\">{\"@context\":\"https:\/\/schema.org\",\"@graph\":[{\"@type\":\"WebPage\",\"@id\":\"https:\/\/www.mindful.sodexo.com\/fr\/terms-conditions\/\",\"url\":\"https:\/\/www.mindful.sodexo.com\/fr\/terms-conditions\/\",\"name\":\"Terms & Conditions - Mindful by Sodexo\",\"isPartOf\":{\"@id\":\"https:\/\/www.mindful.sodexo.com\/fr\/#website\"},\"datePublished\":\"2014-11-24T12:53:22+00:00\",\"dateModified\":\"2019-03-19T16:50:39+00:00\",\"breadcrumb\":{\"@id\":\"https:\/\/www.mindful.sodexo.com\/fr\/terms-conditions\/#breadcrumb\"},\"inLanguage\":\"en-US\",\"potentialAction\":[{\"@type\":\"ReadAction\",\"target\":[\"https:\/\/www.mindful.sodexo.com\/fr\/terms-conditions\/\"]}]},{\"@type\":\"BreadcrumbList\",\"@id\":\"https:\/\/www.mindful.sodexo.com\/fr\/terms-conditions\/#breadcrumb\",\"itemListElement\":[{\"@type\":\"ListItem\",\"position\":1,\"name\":\"Home\",\"item\":\"https:\/\/www.mindful.sodexo.com\/fr\/\"},{\"@type\":\"ListItem\",\"position\":2,\"name\":\"Terms &#038; Conditions\"}]},{\"@type\":\"WebSite\",\"@id\":\"https:\/\/www.mindful.sodexo.com\/fr\/#website\",\"url\":\"https:\/\/www.mindful.sodexo.com\/fr\/\",\"name\":\"Mindful by Sodexo\",\"description\":\"\",\"potentialAction\":[{\"@type\":\"SearchAction\",\"target\":{\"@type\":\"EntryPoint\",\"urlTemplate\":\"https:\/\/www.mindful.sodexo.com\/fr\/?s={search_term_string}\"},\"query-input\":{\"@type\":\"PropertyValueSpecification\",\"valueRequired\":true,\"valueName\":\"search_term_string\"}}],\"inLanguage\":\"en-US\"}]}<\/script>\r\n<!-- \/ Yoast SEO plugin. -->","yoast_head_json":{"title":"Terms & Conditions - Mindful by Sodexo","robots":{"index":"index","follow":"follow","max-snippet":"max-snippet:-1","max-image-preview":"max-image-preview:large","max-video-preview":"max-video-preview:-1"},"canonical":"https:\/\/www.mindful.sodexo.com\/fr\/terms-conditions\/","og_locale":"en_US","og_type":"article","og_title":"Terms & Conditions - Mindful by Sodexo","og_description":"Restrictions d\u2019utilisation. Vous pouvez t\u00e9l\u00e9charger, reproduire et retransmettre le mat\u00e9riel affich\u00e9 sur ce site Web pour une utilisation personnelle et non commerciale. Si vous d\u00e9cidez d\u2019afficher, vous acceptez que Sodexo conserve tous les droits d\u2019auteur et autres avis de propri\u00e9t\u00e9 contenus dans lesdits mat\u00e9riaux. Vous ne pouvez pas utiliser, distribuer, modifier, transmettre, ou afficher le [&hellip;]","og_url":"https:\/\/www.mindful.sodexo.com\/fr\/terms-conditions\/","og_site_name":"Mindful by Sodexo","article_modified_time":"2019-03-19T16:50:39+00:00","twitter_card":"summary_large_image","twitter_misc":{"Est. reading time":"8 minutes"},"schema":{"@context":"https:\/\/schema.org","@graph":[{"@type":"WebPage","@id":"https:\/\/www.mindful.sodexo.com\/fr\/terms-conditions\/","url":"https:\/\/www.mindful.sodexo.com\/fr\/terms-conditions\/","name":"Terms & Conditions - Mindful by Sodexo","isPartOf":{"@id":"https:\/\/www.mindful.sodexo.com\/fr\/#website"},"datePublished":"2014-11-24T12:53:22+00:00","dateModified":"2019-03-19T16:50:39+00:00","breadcrumb":{"@id":"https:\/\/www.mindful.sodexo.com\/fr\/terms-conditions\/#breadcrumb"},"inLanguage":"en-US","potentialAction":[{"@type":"ReadAction","target":["https:\/\/www.mindful.sodexo.com\/fr\/terms-conditions\/"]}]},{"@type":"BreadcrumbList","@id":"https:\/\/www.mindful.sodexo.com\/fr\/terms-conditions\/#breadcrumb","itemListElement":[{"@type":"ListItem","position":1,"name":"Home","item":"https:\/\/www.mindful.sodexo.com\/fr\/"},{"@type":"ListItem","position":2,"name":"Terms &#038; Conditions"}]},{"@type":"WebSite","@id":"https:\/\/www.mindful.sodexo.com\/fr\/#website","url":"https:\/\/www.mindful.sodexo.com\/fr\/","name":"Mindful by Sodexo","description":"","potentialAction":[{"@type":"SearchAction","target":{"@type":"EntryPoint","urlTemplate":"https:\/\/www.mindful.sodexo.com\/fr\/?s={search_term_string}"},"query-input":{"@type":"PropertyValueSpecification","valueRequired":true,"valueName":"search_term_string"}}],"inLanguage":"en-US"}]}},"_links":{"self":[{"href":"https:\/\/www.mindful.sodexo.com\/fr\/wp-json\/wp\/v2\/pages\/5593","targetHints":{"allow":["GET"]}}],"collection":[{"href":"https:\/\/www.mindful.sodexo.com\/fr\/wp-json\/wp\/v2\/pages"}],"about":[{"href":"https:\/\/www.mindful.sodexo.com\/fr\/wp-json\/wp\/v2\/types\/page"}],"author":[{"embeddable":true,"href":"https:\/\/www.mindful.sodexo.com\/fr\/wp-json\/wp\/v2\/users\/1"}],"replies":[{"embeddable":true,"href":"https:\/\/www.mindful.sodexo.com\/fr\/wp-json\/wp\/v2\/comments?post=5593"}],"version-history":[{"count":4,"href":"https:\/\/www.mindful.sodexo.com\/fr\/wp-json\/wp\/v2\/pages\/5593\/revisions"}],"predecessor-version":[{"id":14006,"href":"https:\/\/www.mindful.sodexo.com\/fr\/wp-json\/wp\/v2\/pages\/5593\/revisions\/14006"}],"wp:attachment":[{"href":"https:\/\/www.mindful.sodexo.com\/fr\/wp-json\/wp\/v2\/media?parent=5593"}],"curies":[{"name":"wp","href":"https:\/\/api.w.org\/{rel}","templated":true}]}}