{"id":5395,"date":"2014-11-18T12:29:16","date_gmt":"2014-11-18T12:29:16","guid":{"rendered":"https:\/\/mindful.sodexo.com\/why-mindful?lang=fr"},"modified":"2019-03-19T16:32:41","modified_gmt":"2019-03-19T16:32:41","slug":"why-mindful","status":"publish","type":"page","link":"https:\/\/www.mindful.sodexo.com\/fr\/why-mindful\/","title":{"rendered":"Pourquoi Sens\u00e9?"},"content":{"rendered":"<h2>crit\u00e8res nutritionnels<\/h2>\n<p>Des portions satisfaisantes avec moins de calories et beaucoup de go\u00fbt \u2026 \u00e7a, c\u2019est Sens\u00e9.<br \/>\nNos chefs et di\u00e9t\u00e9tistes ont travaill\u00e9 ensemble pour cr\u00e9er des choix Sens\u00e9 qui r\u00e9pondent aux informations nutritionnelles ci-dessous. Utilisez nos crit\u00e8res Sens\u00e9 pour vous aider \u00e0 planifier vos repas, desserts et collations pour toute la famille.<\/p>\n<div class=\"wrap-table\">\n<table>\n<tbody>\n<tr>\n<td><\/td>\n<td>REPAS<i class=\"la la-angle-down\"><\/i><span class=\"hov-text\">Contiennent au moins une portion de chaque: prot\u00e9ine, amidon, l\u00e9gumes \/ fruits<\/span><\/td>\n<td>PLATS PRINCIPAUX<i class=\"la la-angle-down\"><\/i><span class=\"hov-text\">Ex: plat principal de prot\u00e9ine, pizza, sandwichs, grillades, salades sans prot\u00e9ines ou d\u2019amidon<\/span><\/td>\n<td>ACCOMPAGNEMENTS<\/td>\n<td>SOUPES<i class=\"la la-angle-down\"><\/i><span class=\"hov-text\">8 oz<\/span><\/td>\n<td>COLLATIONS &#038; DESSERTS<i class=\"la la-angle-down\"><\/i><span class=\"hov-text\">R\u00e9pond \u00e0 tous les crit\u00e8res dans cette colonne ou \u00e0 quatre des crit\u00e8res ET doit avoir au moins 10% de la valeur quotidienne d\u2019un ou plusieurs \u00e9l\u00e9ments nutritifs principaux, tels que la vitamine A, C, E, le fer, le calcium ou la prot\u00e9ine<\/span><\/td>\n<\/tr>\n<tr>\n<td>\n<p>KCal<\/p>\n<\/td>\n<td>moins que ou \u00e9gal \u00e0<br \/>\n                <span>600<\/span><\/td>\n<td>moins que ou \u00e9gal \u00e0<br \/><span>550<\/span><\/td>\n<td>moins que ou \u00e9gal \u00e0<br \/><span>225<\/span><\/td>\n<td>moins que ou \u00e9gal \u00e0<br \/><span>225<\/span><\/td>\n<td>moins que ou \u00e9gal \u00e0<br \/><span>200<\/span><\/td>\n<\/tr>\n<tr>\n<td>\n<p>GRAS TOTAL<\/p>\n<\/td>\n<td>moins que ou \u00e9gal \u00e0<br \/><span>35%<\/span><br \/>\n                <i>de calories provenant de mati\u00e8res grasses OU inf\u00e9rieure ou \u00e9gale \u00e0 15g<\/i><\/td>\n<td>moins que ou \u00e9gal \u00e0<br \/><span>35%<\/span><br \/>\n                <i>de calories provenant de mati\u00e8res grasses OU inf\u00e9rieure ou \u00e9gale \u00e0 15g<\/i><\/td>\n<td>moins que ou \u00e9gal \u00e0<br \/><span>35%<\/span><br \/>\n                <i>de calories provenant des lipides OU inf\u00e9rieure ou \u00e9gale \u00e0 8 g<\/i><\/td>\n<td>moins que ou \u00e9gal \u00e0<br \/><span>35%<\/span><br \/>\n                <i>de calories provenant des lipides OU inf\u00e9rieure ou \u00e9gale \u00e0 8 g<\/i><\/td>\n<td>moins que ou \u00e9gal \u00e0<br \/><span>35%<\/span><br \/>\n                <i>de calories provenant des lipides OU inf\u00e9rieure ou \u00e9gale \u00e0 8 g<\/i><\/td>\n<\/tr>\n<tr>\n<td>\n<p>GRAS SATUR\u00c9<\/p>\n<\/td>\n<td>moins que ou \u00e9gal \u00e0<br \/><span>10%<\/span><br \/>\n                <i>de calories provenant des mati\u00e8res grasses<\/i><\/td>\n<td>moins que ou \u00e9gal \u00e0<br \/><span>10%<\/span><br \/>\n                <i>de calories provenant des mati\u00e8res grasses<\/i><\/td>\n<td>moins que ou \u00e9gal \u00e0<br \/><span>10%<\/span><br \/>\n                <i>de calories provenant des mati\u00e8res grasses<\/i><\/td>\n<td>moins que ou \u00e9gal \u00e0<br \/><span>10%<\/span><br \/>\n                <i>de calories provenant des mati\u00e8res grasses<\/i><\/td>\n<td>moins que ou \u00e9gal \u00e0<br \/><span>10%<\/span><br \/>\n                <i>de calories provenant des mati\u00e8res grasses<\/i><\/td>\n<\/tr>\n<tr>\n<td>\n<p>GRAS TRANS<\/p>\n<\/td>\n<td>SANS GRAS<br \/><span>TRANS<\/span><br \/>\n                <i>(less than 0.5g)<\/i><\/td>\n<td>SANS GRAS<br \/><span>TRANS<\/span><br \/>\n                <i>(less than 0.5g)<\/i><\/td>\n<td>SANS GRAS<br \/><span>TRANS<\/span><br \/>\n                <i>(less than 0.5g)<\/i><\/td>\n<td>SANS GRAS<br \/><span>TRANS<\/span><br \/>\n                <i>(less than 0.5g)<\/i><\/td>\n<td>SANS GRAS<br \/><span>TRANS<\/span><br \/>\n                <i>(less than 0.5g)<\/i><\/td>\n<\/tr>\n<tr>\n<td>\n<p>CHOLEST\u00c9ROL<\/p>\n<\/td>\n<td>moins que ou \u00e9gal \u00e0<br \/><span>100mg<\/span><\/td>\n<td>moins que ou \u00e9gal \u00e0<br \/><span>100mg<\/span><\/td>\n<td>moins que ou \u00e9gal \u00e0<br \/><span>5mg<\/span><\/td>\n<td>moins que ou \u00e9gal \u00e0<br \/><span>25mg<\/span><\/td>\n<td>moins que ou \u00e9gal \u00e0<br \/><span>20mg<\/span><\/td>\n<\/tr>\n<tr>\n<td>\n<p>Sodium<\/p>\n<\/td>\n<td>moins que ou \u00e9gal \u00e0<br \/><span>800mg<\/span><\/td>\n<td>moins que ou \u00e9gal \u00e0<br \/><span>700mg<\/span><\/td>\n<td>moins que ou \u00e9gal \u00e0<br \/><span>300mg<\/span><\/td>\n<td>moins que ou \u00e9gal \u00e0<br \/><span>700mg<\/span><\/td>\n<td>moins que ou \u00e9gal \u00e0<br \/><span>300mg<\/span><\/td>\n<\/tr>\n<tr>\n<td>\n<p>AUTRE<\/p>\n<\/td>\n<td>moins que ou \u00e9gal \u00e0<br \/><span>3g Fiber<\/span><\/td>\n<td><\/td>\n<td><\/td>\n<td><\/td>\n<td>moins que ou \u00e9gal \u00e0<br \/><span>1g Fiber<\/span><\/td>\n<\/tr>\n<\/tbody>\n<\/table>\n<\/div>\n","protected":false},"excerpt":{"rendered":"<p>crit\u00e8res nutritionnels Des portions satisfaisantes avec moins de calories et beaucoup de go\u00fbt \u2026 \u00e7a, c\u2019est Sens\u00e9. Nos chefs et di\u00e9t\u00e9tistes ont travaill\u00e9 ensemble pour cr\u00e9er des choix Sens\u00e9 qui r\u00e9pondent aux informations nutritionnelles ci-dessous. Utilisez nos crit\u00e8res Sens\u00e9 pour vous aider \u00e0 planifier vos repas, desserts et collations pour toute la famille. REPASContiennent au [&hellip;]<\/p>\n","protected":false},"author":1,"featured_media":0,"parent":0,"menu_order":0,"comment_status":"open","ping_status":"open","template":"page-why-mindfull.php","meta":{"_acf_changed":false,"footnotes":""},"class_list":["post-5395","page","type-page","status-publish","hentry"],"acf":[],"yoast_head":"<!-- This site is optimized with the Yoast SEO plugin v24.5 - https:\/\/yoast.com\/wordpress\/plugins\/seo\/ -->\r\n<title>Pourquoi Sens\u00e9? - Mindful by Sodexo<\/title>\r\n<meta name=\"robots\" content=\"index, follow, max-snippet:-1, max-image-preview:large, max-video-preview:-1\" \/>\r\n<link rel=\"canonical\" href=\"https:\/\/www.mindful.sodexo.com\/fr\/why-mindful\/\" \/>\r\n<meta property=\"og:locale\" content=\"en_US\" \/>\r\n<meta property=\"og:type\" content=\"article\" \/>\r\n<meta property=\"og:title\" content=\"Pourquoi Sens\u00e9? - Mindful by Sodexo\" \/>\r\n<meta property=\"og:description\" content=\"crit\u00e8res nutritionnels Des portions satisfaisantes avec moins de calories et beaucoup de go\u00fbt \u2026 \u00e7a, c\u2019est Sens\u00e9. Nos chefs et di\u00e9t\u00e9tistes ont travaill\u00e9 ensemble pour cr\u00e9er des choix Sens\u00e9 qui r\u00e9pondent aux informations nutritionnelles ci-dessous. Utilisez nos crit\u00e8res Sens\u00e9 pour vous aider \u00e0 planifier vos repas, desserts et collations pour toute la famille. REPASContiennent au [&hellip;]\" \/>\r\n<meta property=\"og:url\" content=\"https:\/\/www.mindful.sodexo.com\/fr\/why-mindful\/\" \/>\r\n<meta property=\"og:site_name\" content=\"Mindful by Sodexo\" \/>\r\n<meta property=\"article:modified_time\" content=\"2019-03-19T16:32:41+00:00\" \/>\r\n<meta name=\"twitter:card\" content=\"summary_large_image\" \/>\r\n<meta name=\"twitter:label1\" content=\"Est. reading time\" \/>\n\t<meta name=\"twitter:data1\" content=\"2 minutes\" \/>\r\n<script type=\"application\/ld+json\" class=\"yoast-schema-graph\">{\"@context\":\"https:\/\/schema.org\",\"@graph\":[{\"@type\":\"WebPage\",\"@id\":\"https:\/\/www.mindful.sodexo.com\/fr\/why-mindful\/\",\"url\":\"https:\/\/www.mindful.sodexo.com\/fr\/why-mindful\/\",\"name\":\"Pourquoi Sens\u00e9? - Mindful by Sodexo\",\"isPartOf\":{\"@id\":\"https:\/\/www.mindful.sodexo.com\/fr\/#website\"},\"datePublished\":\"2014-11-18T12:29:16+00:00\",\"dateModified\":\"2019-03-19T16:32:41+00:00\",\"breadcrumb\":{\"@id\":\"https:\/\/www.mindful.sodexo.com\/fr\/why-mindful\/#breadcrumb\"},\"inLanguage\":\"en-US\",\"potentialAction\":[{\"@type\":\"ReadAction\",\"target\":[\"https:\/\/www.mindful.sodexo.com\/fr\/why-mindful\/\"]}]},{\"@type\":\"BreadcrumbList\",\"@id\":\"https:\/\/www.mindful.sodexo.com\/fr\/why-mindful\/#breadcrumb\",\"itemListElement\":[{\"@type\":\"ListItem\",\"position\":1,\"name\":\"Home\",\"item\":\"https:\/\/www.mindful.sodexo.com\/fr\/\"},{\"@type\":\"ListItem\",\"position\":2,\"name\":\"Pourquoi Sens\u00e9?\"}]},{\"@type\":\"WebSite\",\"@id\":\"https:\/\/www.mindful.sodexo.com\/fr\/#website\",\"url\":\"https:\/\/www.mindful.sodexo.com\/fr\/\",\"name\":\"Mindful by Sodexo\",\"description\":\"\",\"potentialAction\":[{\"@type\":\"SearchAction\",\"target\":{\"@type\":\"EntryPoint\",\"urlTemplate\":\"https:\/\/www.mindful.sodexo.com\/fr\/?s={search_term_string}\"},\"query-input\":{\"@type\":\"PropertyValueSpecification\",\"valueRequired\":true,\"valueName\":\"search_term_string\"}}],\"inLanguage\":\"en-US\"}]}<\/script>\r\n<!-- \/ Yoast SEO plugin. -->","yoast_head_json":{"title":"Pourquoi Sens\u00e9? - Mindful by Sodexo","robots":{"index":"index","follow":"follow","max-snippet":"max-snippet:-1","max-image-preview":"max-image-preview:large","max-video-preview":"max-video-preview:-1"},"canonical":"https:\/\/www.mindful.sodexo.com\/fr\/why-mindful\/","og_locale":"en_US","og_type":"article","og_title":"Pourquoi Sens\u00e9? - Mindful by Sodexo","og_description":"crit\u00e8res nutritionnels Des portions satisfaisantes avec moins de calories et beaucoup de go\u00fbt \u2026 \u00e7a, c\u2019est Sens\u00e9. Nos chefs et di\u00e9t\u00e9tistes ont travaill\u00e9 ensemble pour cr\u00e9er des choix Sens\u00e9 qui r\u00e9pondent aux informations nutritionnelles ci-dessous. Utilisez nos crit\u00e8res Sens\u00e9 pour vous aider \u00e0 planifier vos repas, desserts et collations pour toute la famille. REPASContiennent au [&hellip;]","og_url":"https:\/\/www.mindful.sodexo.com\/fr\/why-mindful\/","og_site_name":"Mindful by Sodexo","article_modified_time":"2019-03-19T16:32:41+00:00","twitter_card":"summary_large_image","twitter_misc":{"Est. reading time":"2 minutes"},"schema":{"@context":"https:\/\/schema.org","@graph":[{"@type":"WebPage","@id":"https:\/\/www.mindful.sodexo.com\/fr\/why-mindful\/","url":"https:\/\/www.mindful.sodexo.com\/fr\/why-mindful\/","name":"Pourquoi Sens\u00e9? - Mindful by Sodexo","isPartOf":{"@id":"https:\/\/www.mindful.sodexo.com\/fr\/#website"},"datePublished":"2014-11-18T12:29:16+00:00","dateModified":"2019-03-19T16:32:41+00:00","breadcrumb":{"@id":"https:\/\/www.mindful.sodexo.com\/fr\/why-mindful\/#breadcrumb"},"inLanguage":"en-US","potentialAction":[{"@type":"ReadAction","target":["https:\/\/www.mindful.sodexo.com\/fr\/why-mindful\/"]}]},{"@type":"BreadcrumbList","@id":"https:\/\/www.mindful.sodexo.com\/fr\/why-mindful\/#breadcrumb","itemListElement":[{"@type":"ListItem","position":1,"name":"Home","item":"https:\/\/www.mindful.sodexo.com\/fr\/"},{"@type":"ListItem","position":2,"name":"Pourquoi Sens\u00e9?"}]},{"@type":"WebSite","@id":"https:\/\/www.mindful.sodexo.com\/fr\/#website","url":"https:\/\/www.mindful.sodexo.com\/fr\/","name":"Mindful by Sodexo","description":"","potentialAction":[{"@type":"SearchAction","target":{"@type":"EntryPoint","urlTemplate":"https:\/\/www.mindful.sodexo.com\/fr\/?s={search_term_string}"},"query-input":{"@type":"PropertyValueSpecification","valueRequired":true,"valueName":"search_term_string"}}],"inLanguage":"en-US"}]}},"_links":{"self":[{"href":"https:\/\/www.mindful.sodexo.com\/fr\/wp-json\/wp\/v2\/pages\/5395","targetHints":{"allow":["GET"]}}],"collection":[{"href":"https:\/\/www.mindful.sodexo.com\/fr\/wp-json\/wp\/v2\/pages"}],"about":[{"href":"https:\/\/www.mindful.sodexo.com\/fr\/wp-json\/wp\/v2\/types\/page"}],"author":[{"embeddable":true,"href":"https:\/\/www.mindful.sodexo.com\/fr\/wp-json\/wp\/v2\/users\/1"}],"replies":[{"embeddable":true,"href":"https:\/\/www.mindful.sodexo.com\/fr\/wp-json\/wp\/v2\/comments?post=5395"}],"version-history":[{"count":10,"href":"https:\/\/www.mindful.sodexo.com\/fr\/wp-json\/wp\/v2\/pages\/5395\/revisions"}],"predecessor-version":[{"id":14292,"href":"https:\/\/www.mindful.sodexo.com\/fr\/wp-json\/wp\/v2\/pages\/5395\/revisions\/14292"}],"wp:attachment":[{"href":"https:\/\/www.mindful.sodexo.com\/fr\/wp-json\/wp\/v2\/media?parent=5395"}],"curies":[{"name":"wp","href":"https:\/\/api.w.org\/{rel}","templated":true}]}}