{"id":13777,"date":"2018-08-26T14:07:49","date_gmt":"2018-08-26T14:07:49","guid":{"rendered":"https:\/\/www.mindful.sodexo.com\/fr\/?page_id=13777"},"modified":"2019-03-19T16:43:15","modified_gmt":"2019-03-19T16:43:15","slug":"outils","status":"publish","type":"page","link":"https:\/\/www.mindful.sodexo.com\/fr\/outils\/","title":{"rendered":"Outils"},"content":{"rendered":"<p>Bien que la nutrition soit au centre de Sens\u00e9, la sant\u00e9 g\u00e9n\u00e9rale et le bien-\u00eatre sont tout aussi importants. Les di\u00e9t\u00e9tistes et des experts de la sant\u00e9 conviennent partout que le suivi quotidien de l\u2019activit\u00e9 physique et l\u2019apport alimentaire est le plus grand outil de r\u00e9ussite de tout programme de sant\u00e9, d\u2019alimentation ou de mise en forme.<\/p>\n<p>Sodexo a form\u00e9 de nombreux partenariats qui vous font que de garder un journal alimentaire devient une seconde nature, ou pour que vous puissiez atteindre ou d\u00e9passer vos objectifs de vie sains. Vous trouverez tous nos repas Sens\u00e9 dans l\u2019application \u201cMyFitnessPal\u201d pour suivre facilement vos aliments. Fitbit, un traqueur d\u2019activit\u00e9 sans fil, s\u2019int\u00e8gre \u00e9galement avec \u201cMyFitnessPal\u201d et fait partie de nos solutions de bien-\u00eatre de Sens\u00e9.<\/p>\n","protected":false},"excerpt":{"rendered":"<p>Bien que la nutrition soit au centre de Sens\u00e9, la sant\u00e9 g\u00e9n\u00e9rale et le bien-\u00eatre sont tout aussi importants. Les di\u00e9t\u00e9tistes et des experts de la sant\u00e9 conviennent partout que le suivi quotidien de l\u2019activit\u00e9 physique et l\u2019apport alimentaire est le plus grand outil de r\u00e9ussite de tout programme de sant\u00e9, d\u2019alimentation ou de mise [&hellip;]<\/p>\n","protected":false},"author":1,"featured_media":0,"parent":0,"menu_order":0,"comment_status":"closed","ping_status":"closed","template":"page-mindful-tools.php","meta":{"_acf_changed":false,"footnotes":""},"class_list":["post-13777","page","type-page","status-publish","hentry"],"acf":[],"yoast_head":"<!-- This site is optimized with the Yoast SEO plugin v24.5 - https:\/\/yoast.com\/wordpress\/plugins\/seo\/ -->\r\n<title>Outils - Mindful by Sodexo<\/title>\r\n<meta name=\"robots\" content=\"index, follow, max-snippet:-1, max-image-preview:large, max-video-preview:-1\" \/>\r\n<link rel=\"canonical\" href=\"https:\/\/www.mindful.sodexo.com\/fr\/outils\/\" \/>\r\n<meta property=\"og:locale\" content=\"en_US\" \/>\r\n<meta property=\"og:type\" content=\"article\" \/>\r\n<meta property=\"og:title\" content=\"Outils - Mindful by Sodexo\" \/>\r\n<meta property=\"og:description\" content=\"Bien que la nutrition soit au centre de Sens\u00e9, la sant\u00e9 g\u00e9n\u00e9rale et le bien-\u00eatre sont tout aussi importants. Les di\u00e9t\u00e9tistes et des experts de la sant\u00e9 conviennent partout que le suivi quotidien de l\u2019activit\u00e9 physique et l\u2019apport alimentaire est le plus grand outil de r\u00e9ussite de tout programme de sant\u00e9, d\u2019alimentation ou de mise [&hellip;]\" \/>\r\n<meta property=\"og:url\" content=\"https:\/\/www.mindful.sodexo.com\/fr\/outils\/\" \/>\r\n<meta property=\"og:site_name\" content=\"Mindful by Sodexo\" \/>\r\n<meta property=\"article:modified_time\" content=\"2019-03-19T16:43:15+00:00\" \/>\r\n<meta name=\"twitter:card\" content=\"summary_large_image\" \/>\r\n<meta name=\"twitter:label1\" content=\"Est. reading time\" \/>\n\t<meta name=\"twitter:data1\" content=\"1 minute\" \/>\r\n<script type=\"application\/ld+json\" class=\"yoast-schema-graph\">{\"@context\":\"https:\/\/schema.org\",\"@graph\":[{\"@type\":\"WebPage\",\"@id\":\"https:\/\/www.mindful.sodexo.com\/fr\/outils\/\",\"url\":\"https:\/\/www.mindful.sodexo.com\/fr\/outils\/\",\"name\":\"Outils - Mindful by Sodexo\",\"isPartOf\":{\"@id\":\"https:\/\/www.mindful.sodexo.com\/fr\/#website\"},\"datePublished\":\"2018-08-26T14:07:49+00:00\",\"dateModified\":\"2019-03-19T16:43:15+00:00\",\"breadcrumb\":{\"@id\":\"https:\/\/www.mindful.sodexo.com\/fr\/outils\/#breadcrumb\"},\"inLanguage\":\"en-US\",\"potentialAction\":[{\"@type\":\"ReadAction\",\"target\":[\"https:\/\/www.mindful.sodexo.com\/fr\/outils\/\"]}]},{\"@type\":\"BreadcrumbList\",\"@id\":\"https:\/\/www.mindful.sodexo.com\/fr\/outils\/#breadcrumb\",\"itemListElement\":[{\"@type\":\"ListItem\",\"position\":1,\"name\":\"Home\",\"item\":\"https:\/\/www.mindful.sodexo.com\/fr\/\"},{\"@type\":\"ListItem\",\"position\":2,\"name\":\"Outils\"}]},{\"@type\":\"WebSite\",\"@id\":\"https:\/\/www.mindful.sodexo.com\/fr\/#website\",\"url\":\"https:\/\/www.mindful.sodexo.com\/fr\/\",\"name\":\"Mindful by Sodexo\",\"description\":\"\",\"potentialAction\":[{\"@type\":\"SearchAction\",\"target\":{\"@type\":\"EntryPoint\",\"urlTemplate\":\"https:\/\/www.mindful.sodexo.com\/fr\/?s={search_term_string}\"},\"query-input\":{\"@type\":\"PropertyValueSpecification\",\"valueRequired\":true,\"valueName\":\"search_term_string\"}}],\"inLanguage\":\"en-US\"}]}<\/script>\r\n<!-- \/ Yoast SEO plugin. -->","yoast_head_json":{"title":"Outils - Mindful by Sodexo","robots":{"index":"index","follow":"follow","max-snippet":"max-snippet:-1","max-image-preview":"max-image-preview:large","max-video-preview":"max-video-preview:-1"},"canonical":"https:\/\/www.mindful.sodexo.com\/fr\/outils\/","og_locale":"en_US","og_type":"article","og_title":"Outils - Mindful by Sodexo","og_description":"Bien que la nutrition soit au centre de Sens\u00e9, la sant\u00e9 g\u00e9n\u00e9rale et le bien-\u00eatre sont tout aussi importants. Les di\u00e9t\u00e9tistes et des experts de la sant\u00e9 conviennent partout que le suivi quotidien de l\u2019activit\u00e9 physique et l\u2019apport alimentaire est le plus grand outil de r\u00e9ussite de tout programme de sant\u00e9, d\u2019alimentation ou de mise [&hellip;]","og_url":"https:\/\/www.mindful.sodexo.com\/fr\/outils\/","og_site_name":"Mindful by Sodexo","article_modified_time":"2019-03-19T16:43:15+00:00","twitter_card":"summary_large_image","twitter_misc":{"Est. reading time":"1 minute"},"schema":{"@context":"https:\/\/schema.org","@graph":[{"@type":"WebPage","@id":"https:\/\/www.mindful.sodexo.com\/fr\/outils\/","url":"https:\/\/www.mindful.sodexo.com\/fr\/outils\/","name":"Outils - Mindful by Sodexo","isPartOf":{"@id":"https:\/\/www.mindful.sodexo.com\/fr\/#website"},"datePublished":"2018-08-26T14:07:49+00:00","dateModified":"2019-03-19T16:43:15+00:00","breadcrumb":{"@id":"https:\/\/www.mindful.sodexo.com\/fr\/outils\/#breadcrumb"},"inLanguage":"en-US","potentialAction":[{"@type":"ReadAction","target":["https:\/\/www.mindful.sodexo.com\/fr\/outils\/"]}]},{"@type":"BreadcrumbList","@id":"https:\/\/www.mindful.sodexo.com\/fr\/outils\/#breadcrumb","itemListElement":[{"@type":"ListItem","position":1,"name":"Home","item":"https:\/\/www.mindful.sodexo.com\/fr\/"},{"@type":"ListItem","position":2,"name":"Outils"}]},{"@type":"WebSite","@id":"https:\/\/www.mindful.sodexo.com\/fr\/#website","url":"https:\/\/www.mindful.sodexo.com\/fr\/","name":"Mindful by Sodexo","description":"","potentialAction":[{"@type":"SearchAction","target":{"@type":"EntryPoint","urlTemplate":"https:\/\/www.mindful.sodexo.com\/fr\/?s={search_term_string}"},"query-input":{"@type":"PropertyValueSpecification","valueRequired":true,"valueName":"search_term_string"}}],"inLanguage":"en-US"}]}},"_links":{"self":[{"href":"https:\/\/www.mindful.sodexo.com\/fr\/wp-json\/wp\/v2\/pages\/13777","targetHints":{"allow":["GET"]}}],"collection":[{"href":"https:\/\/www.mindful.sodexo.com\/fr\/wp-json\/wp\/v2\/pages"}],"about":[{"href":"https:\/\/www.mindful.sodexo.com\/fr\/wp-json\/wp\/v2\/types\/page"}],"author":[{"embeddable":true,"href":"https:\/\/www.mindful.sodexo.com\/fr\/wp-json\/wp\/v2\/users\/1"}],"replies":[{"embeddable":true,"href":"https:\/\/www.mindful.sodexo.com\/fr\/wp-json\/wp\/v2\/comments?post=13777"}],"version-history":[{"count":6,"href":"https:\/\/www.mindful.sodexo.com\/fr\/wp-json\/wp\/v2\/pages\/13777\/revisions"}],"predecessor-version":[{"id":14002,"href":"https:\/\/www.mindful.sodexo.com\/fr\/wp-json\/wp\/v2\/pages\/13777\/revisions\/14002"}],"wp:attachment":[{"href":"https:\/\/www.mindful.sodexo.com\/fr\/wp-json\/wp\/v2\/media?parent=13777"}],"curies":[{"name":"wp","href":"https:\/\/api.w.org\/{rel}","templated":true}]}}